{"id":41725,"date":"2024-07-01T09:36:40","date_gmt":"2024-07-01T09:36:40","guid":{"rendered":"https:\/\/aipmolecular.com\/our-services\/"},"modified":"2025-11-11T13:09:18","modified_gmt":"2025-11-11T13:09:18","slug":"afiliate","status":"publish","type":"page","link":"https:\/\/aipmolecular.com\/en\/afiliate\/","title":{"rendered":"Af\u00edliate"},"content":{"rendered":"\t\t<div data-elementor-type=\"wp-page\" data-elementor-id=\"41725\" class=\"elementor elementor-41725\" data-elementor-post-type=\"page\">\n\t\t\t\t<div class=\"elementor-element elementor-element-d908574 e-con-full e-flex e-con e-parent\" data-id=\"d908574\" data-element_type=\"container\" data-e-type=\"container\">\n\t\t<div class=\"elementor-element elementor-element-7378b55 e-flex e-con-boxed e-con e-child\" data-id=\"7378b55\" data-element_type=\"container\" data-e-type=\"container\">\n\t\t\t\t\t<div class=\"e-con-inner\">\n\t\t<div class=\"elementor-element elementor-element-77351d3 e-flex e-con-boxed e-con e-child\" data-id=\"77351d3\" data-element_type=\"container\" data-e-type=\"container\">\n\t\t\t\t\t<div class=\"e-con-inner\">\n\t\t\t\t<div class=\"elementor-element elementor-element-4b61e69 elementor-widget elementor-widget-the7-heading\" data-id=\"4b61e69\" data-element_type=\"widget\" data-e-type=\"widget\" data-widget_type=\"the7-heading.default\">\n\t\t\t\t<div class=\"elementor-widget-container\">\n\t\t\t\t\t<h3 class=\"the7-heading-title elementor-size-default\">\u00fanete<\/h3>\t\t\t\t<\/div>\n\t\t\t\t<\/div>\n\t\t\t\t<div class=\"elementor-element elementor-element-97d3695 elementor-widget-tablet__width-inherit elementor-widget elementor-widget-text-editor\" data-id=\"97d3695\" data-element_type=\"widget\" data-e-type=\"widget\" data-widget_type=\"text-editor.default\">\n\t\t\t\t\t\t\t\t\t<p>Solicitud de membres\u00eda AIPM<\/p>\t\t\t\t\t\t\t\t<\/div>\n\t\t\t\t\t<\/div>\n\t\t\t\t<\/div>\n\t\t<div class=\"elementor-element elementor-element-2fc5a1e e-grid e-con-full e-con e-child\" data-id=\"2fc5a1e\" data-element_type=\"container\" data-e-type=\"container\">\n\t\t<div class=\"elementor-element elementor-element-7879d10 e-con-full e-flex e-con e-child\" data-id=\"7879d10\" data-element_type=\"container\" data-e-type=\"container\" data-settings=\"{&quot;background_background&quot;:&quot;classic&quot;}\">\n\t\t<div class=\"elementor-element elementor-element-8cf4d6d e-con-full e-flex e-con e-child\" data-id=\"8cf4d6d\" data-element_type=\"container\" data-e-type=\"container\">\n\t\t\t\t<div class=\"elementor-element elementor-element-e3a3d44 elementor-widget elementor-widget-text-editor\" data-id=\"e3a3d44\" data-element_type=\"widget\" data-e-type=\"widget\" data-widget_type=\"text-editor.default\">\n\t\t\t\t\t\t\t\t\t<p style=\"text-align: justify;\">Para que esta solicitud tenga validez debe estar acompa\u00f1ada de los siguientes documentos:<\/p><ol><li style=\"text-align: justify;\">Identificaci\u00f3n oficial<br \/><br \/><\/li><li style=\"text-align: justify;\">CV<br \/><br \/><\/li><li style=\"text-align: justify;\">Para residentes, anexar una carta constancia del hospital o instituci\u00f3n en donde realiza su programa de residencia en anatom\u00eda patol\u00f3gica.<\/li><\/ol>\t\t\t\t\t\t\t\t<\/div>\n\t\t\t\t<\/div>\n\t\t\t\t<\/div>\n\t\t<div class=\"elementor-element elementor-element-9ce1c04 e-con-full e-flex e-con e-child\" data-id=\"9ce1c04\" data-element_type=\"container\" data-e-type=\"container\" data-settings=\"{&quot;background_background&quot;:&quot;classic&quot;}\">\n\t\t<div class=\"elementor-element elementor-element-b7da990 e-con-full e-flex e-con e-child\" data-id=\"b7da990\" data-element_type=\"container\" data-e-type=\"container\">\n\t\t\t\t<div class=\"elementor-element elementor-element-f0db066 content-align-right the7-hover-visibility-disabled preserve-img-ratio-cover transform-overlay-yes exceeding-frame-yes elementor-widget elementor-widget-the7-image-widget\" data-id=\"f0db066\" data-element_type=\"widget\" data-e-type=\"widget\" data-settings=\"{&quot;hover_visibility&quot;:&quot;disabled&quot;}\" data-widget_type=\"the7-image-widget.default\">\n\t\t\t\t<div class=\"elementor-widget-container\">\n\t\t\t\t\t<div class=\"the7-image-container\"><div class=\"the7-image-wrapper the7-elementor-widget the7-transform-container\"><div class=\"post-thumbnail-rollover layzr-bg img-css-resize-wrapper\"><img fetchpriority=\"high\" decoding=\"async\" width=\"1000\" height=\"571\" src=\"data:image\/svg+xml,%3Csvg%20xmlns%3D&#039;http%3A%2F%2Fwww.w3.org%2F2000%2Fsvg&#039;%20viewBox%3D&#039;0%200%201000%20571&#039;%2F%3E\" class=\"attachment-full size-full preload-me aspect lazy lazy-load\" alt=\"\" sizes=\"(max-width: 1000px) 100vw, 1000px\" style=\"--ratio: 1000 \/ 571;\" data-src=\"https:\/\/aipmolecular.com\/wp-content\/uploads\/2025\/11\/Afiliate.jpg\" loading=\"eager\" data-srcset=\"https:\/\/aipmolecular.com\/wp-content\/uploads\/2025\/11\/Afiliate.jpg 1000w, https:\/\/aipmolecular.com\/wp-content\/uploads\/2025\/11\/Afiliate-300x171.jpg 300w, https:\/\/aipmolecular.com\/wp-content\/uploads\/2025\/11\/Afiliate-768x439.jpg 768w\" \/><\/div><\/div><\/div>\t\t\t\t<\/div>\n\t\t\t\t<\/div>\n\t\t\t\t<\/div>\n\t\t\t\t<\/div>\n\t\t\t\t<\/div>\n\t\t\t\t\t<\/div>\n\t\t\t\t<\/div>\n\t\t\t\t<\/div>\n\t\t<div class=\"elementor-element elementor-element-e29945f e-con-full e-flex e-con e-child\" data-id=\"e29945f\" data-element_type=\"container\" data-e-type=\"container\" data-settings=\"{&quot;background_background&quot;:&quot;gradient&quot;,&quot;background_motion_fx_motion_fx_scrolling&quot;:&quot;yes&quot;,&quot;background_motion_fx_devices&quot;:[&quot;widescreen&quot;,&quot;desktop&quot;,&quot;laptop&quot;,&quot;tablet_extra&quot;,&quot;tablet&quot;,&quot;mobile_extra&quot;,&quot;mobile&quot;]}\">\n\t\t\t\t<div class=\"elementor-element elementor-element-48adc32 elementor-widget elementor-widget-the7-heading\" data-id=\"48adc32\" data-element_type=\"widget\" data-e-type=\"widget\" data-widget_type=\"the7-heading.default\">\n\t\t\t\t<div class=\"elementor-widget-container\">\n\t\t\t\t\t<div class=\"the7-heading-title elementor-size-default\">\u00danete hoy y comienza a disfrutar de estos beneficios.<\/div>\t\t\t\t<\/div>\n\t\t\t\t<\/div>\n\t\t<div class=\"elementor-element elementor-element-38864f2 e-con-full e-flex e-con e-child\" data-id=\"38864f2\" data-element_type=\"container\" data-e-type=\"container\">\n\t\t\t\t<div class=\"elementor-element elementor-element-23fabaa elementor-align-left elementor-widget__width-inherit elementor-widget-mobile__width-inherit elementor-widget elementor-widget-the7_button_widget\" data-id=\"23fabaa\" data-element_type=\"widget\" data-e-type=\"widget\" data-widget_type=\"the7_button_widget.default\">\n\t\t\t\t<div class=\"elementor-widget-container\">\n\t\t\t\t\t<div class=\"elementor-button-wrapper\"><a href=\"https:\/\/app.eosasociaciones.com\/#\/public\/form\/68a6165e407a378e49009716\" target=\"_blank\" class=\"box-button elementor-button elementor-size-xl\">afiliarme<\/a><\/div>\t\t\t\t<\/div>\n\t\t\t\t<\/div>\n\t\t\t\t<\/div>\n\t\t\t\t<\/div>\n\t\t\t\t<\/div>\n\t\t","protected":false},"excerpt":{"rendered":"<p>\u00fanete Solicitud de membres\u00eda AIPM Para que esta solicitud tenga validez debe estar acompa\u00f1ada de los siguientes documentos: Identificaci\u00f3n oficial CV Para residentes, anexar una carta constancia del hospital o&hellip;<\/p>","protected":false},"author":1,"featured_media":0,"parent":0,"menu_order":20,"comment_status":"closed","ping_status":"closed","template":"","meta":{"footnotes":""},"class_list":["post-41725","page","type-page","status-publish","hentry"],"_links":{"self":[{"href":"https:\/\/aipmolecular.com\/en\/wp-json\/wp\/v2\/pages\/41725","targetHints":{"allow":["GET"]}}],"collection":[{"href":"https:\/\/aipmolecular.com\/en\/wp-json\/wp\/v2\/pages"}],"about":[{"href":"https:\/\/aipmolecular.com\/en\/wp-json\/wp\/v2\/types\/page"}],"author":[{"embeddable":true,"href":"https:\/\/aipmolecular.com\/en\/wp-json\/wp\/v2\/users\/1"}],"replies":[{"embeddable":true,"href":"https:\/\/aipmolecular.com\/en\/wp-json\/wp\/v2\/comments?post=41725"}],"version-history":[{"count":5,"href":"https:\/\/aipmolecular.com\/en\/wp-json\/wp\/v2\/pages\/41725\/revisions"}],"predecessor-version":[{"id":43156,"href":"https:\/\/aipmolecular.com\/en\/wp-json\/wp\/v2\/pages\/41725\/revisions\/43156"}],"wp:attachment":[{"href":"https:\/\/aipmolecular.com\/en\/wp-json\/wp\/v2\/media?parent=41725"}],"curies":[{"name":"wp","href":"https:\/\/api.w.org\/{rel}","templated":true}]}}